{"id":133,"date":"2025-12-13T18:04:20","date_gmt":"2025-12-13T15:04:20","guid":{"rendered":"https:\/\/mahmutozkoca.com\/?page_id=133"},"modified":"2025-12-17T20:50:15","modified_gmt":"2025-12-17T17:50:15","slug":"ziyaretci-defteri","status":"publish","type":"page","link":"https:\/\/mahmutozkoca.com\/index.php\/ziyaretci-defteri\/","title":{"rendered":"ziyaret\u00e7i defteri"},"content":{"rendered":"<p><strong>Bir ziyaret\u00e7i mesaj\u0131 b\u0131rak\u0131n&#8230;<\/strong><\/p>\n<details class=\"wp-block-details\">\n<summary>\n<\/summary>\n<div class=\"wp-block-columns\">\n<div class=\"wp-block-column\" style=\"flex-basis: 100%;\"><\/div>\n<\/div>\n<\/details>\n","protected":false},"excerpt":{"rendered":"<p>Bir ziyaret\u00e7i mesaj\u0131 b\u0131rak\u0131n&#8230;<\/p>\n","protected":false},"author":1,"featured_media":0,"parent":0,"menu_order":0,"comment_status":"open","ping_status":"closed","template":"","meta":{"footnotes":""},"class_list":["post-133","page","type-page","status-publish","hentry"],"_links":{"self":[{"href":"https:\/\/mahmutozkoca.com\/index.php\/wp-json\/wp\/v2\/pages\/133","targetHints":{"allow":["GET"]}}],"collection":[{"href":"https:\/\/mahmutozkoca.com\/index.php\/wp-json\/wp\/v2\/pages"}],"about":[{"href":"https:\/\/mahmutozkoca.com\/index.php\/wp-json\/wp\/v2\/types\/page"}],"author":[{"embeddable":true,"href":"https:\/\/mahmutozkoca.com\/index.php\/wp-json\/wp\/v2\/users\/1"}],"replies":[{"embeddable":true,"href":"https:\/\/mahmutozkoca.com\/index.php\/wp-json\/wp\/v2\/comments?post=133"}],"version-history":[{"count":15,"href":"https:\/\/mahmutozkoca.com\/index.php\/wp-json\/wp\/v2\/pages\/133\/revisions"}],"predecessor-version":[{"id":152,"href":"https:\/\/mahmutozkoca.com\/index.php\/wp-json\/wp\/v2\/pages\/133\/revisions\/152"}],"wp:attachment":[{"href":"https:\/\/mahmutozkoca.com\/index.php\/wp-json\/wp\/v2\/media?parent=133"}],"curies":[{"name":"wp","href":"https:\/\/api.w.org\/{rel}","templated":true}]}}