{"id":127,"date":"2025-12-13T17:47:47","date_gmt":"2025-12-13T14:47:47","guid":{"rendered":"https:\/\/mahmutozkoca.com\/?page_id=127"},"modified":"2025-12-13T17:47:47","modified_gmt":"2025-12-13T14:47:47","slug":"azrailin-gozyaslari","status":"publish","type":"page","link":"https:\/\/mahmutozkoca.com\/index.php\/azrailin-gozyaslari\/","title":{"rendered":"azrailin g\u00f6zya\u015flar\u0131"},"content":{"rendered":"<p><img loading=\"lazy\" decoding=\"async\" class=\"alignnone size-medium wp-image-128\" src=\"http:\/\/mahmutozkoca.com\/wp-content\/uploads\/2025\/12\/WhatsApp-Image-2025-12-07-at-09.40.34-300x300.jpeg\" alt=\"\" width=\"300\" height=\"300\" srcset=\"https:\/\/mahmutozkoca.com\/wp-content\/uploads\/2025\/12\/WhatsApp-Image-2025-12-07-at-09.40.34-300x300.jpeg 300w, https:\/\/mahmutozkoca.com\/wp-content\/uploads\/2025\/12\/WhatsApp-Image-2025-12-07-at-09.40.34-150x150.jpeg 150w\" sizes=\"auto, (max-width: 300px) 100vw, 300px\" \/> <img loading=\"lazy\" decoding=\"async\" class=\"alignnone size-medium wp-image-129\" src=\"http:\/\/mahmutozkoca.com\/wp-content\/uploads\/2025\/12\/WhatsApp-Image-2025-12-07-at-09.40.35-300x300.jpeg\" alt=\"\" width=\"300\" height=\"300\" srcset=\"https:\/\/mahmutozkoca.com\/wp-content\/uploads\/2025\/12\/WhatsApp-Image-2025-12-07-at-09.40.35-300x300.jpeg 300w, https:\/\/mahmutozkoca.com\/wp-content\/uploads\/2025\/12\/WhatsApp-Image-2025-12-07-at-09.40.35-150x150.jpeg 150w\" sizes=\"auto, (max-width: 300px) 100vw, 300px\" \/><\/p>\n","protected":false},"excerpt":{"rendered":"","protected":false},"author":1,"featured_media":0,"parent":0,"menu_order":0,"comment_status":"closed","ping_status":"closed","template":"","meta":{"footnotes":""},"class_list":["post-127","page","type-page","status-publish","hentry"],"_links":{"self":[{"href":"https:\/\/mahmutozkoca.com\/index.php\/wp-json\/wp\/v2\/pages\/127","targetHints":{"allow":["GET"]}}],"collection":[{"href":"https:\/\/mahmutozkoca.com\/index.php\/wp-json\/wp\/v2\/pages"}],"about":[{"href":"https:\/\/mahmutozkoca.com\/index.php\/wp-json\/wp\/v2\/types\/page"}],"author":[{"embeddable":true,"href":"https:\/\/mahmutozkoca.com\/index.php\/wp-json\/wp\/v2\/users\/1"}],"replies":[{"embeddable":true,"href":"https:\/\/mahmutozkoca.com\/index.php\/wp-json\/wp\/v2\/comments?post=127"}],"version-history":[{"count":1,"href":"https:\/\/mahmutozkoca.com\/index.php\/wp-json\/wp\/v2\/pages\/127\/revisions"}],"predecessor-version":[{"id":130,"href":"https:\/\/mahmutozkoca.com\/index.php\/wp-json\/wp\/v2\/pages\/127\/revisions\/130"}],"wp:attachment":[{"href":"https:\/\/mahmutozkoca.com\/index.php\/wp-json\/wp\/v2\/media?parent=127"}],"curies":[{"name":"wp","href":"https:\/\/api.w.org\/{rel}","templated":true}]}}