{"id":103,"date":"2025-12-13T17:24:38","date_gmt":"2025-12-13T14:24:38","guid":{"rendered":"https:\/\/mahmutozkoca.com\/?page_id=103"},"modified":"2025-12-13T17:24:38","modified_gmt":"2025-12-13T14:24:38","slug":"sesli-siirler","status":"publish","type":"page","link":"https:\/\/mahmutozkoca.com\/index.php\/sesli-siirler\/","title":{"rendered":"SESL\u0130 \u015e\u0130\u0130RLER"},"content":{"rendered":"<div class=\"wp-playlist wp-audio-playlist wp-playlist-light\">\n\t\t\t<div class=\"wp-playlist-current-item\"><\/div>\n\t\t<audio controls=\"controls\" preload=\"none\" width=\"618\"\n\t\t\t><\/audio>\n\t<div class=\"wp-playlist-next\"><\/div>\n\t<div class=\"wp-playlist-prev\"><\/div>\n\t<noscript>\n\t<ol>\n\t\t<li><a href='https:\/\/mahmutozkoca.com\/wp-content\/uploads\/2025\/12\/aski-oldur.mp3'>a\u015fk\u0131 \u00f6ld\u00fcr<\/a><\/li><li><a href='https:\/\/mahmutozkoca.com\/wp-content\/uploads\/2025\/12\/ben-daima-agliyorum.mp3'>ben daima a\u011fl\u0131yorum<\/a><\/li><li><a href='https:\/\/mahmutozkoca.com\/wp-content\/uploads\/2025\/12\/ben-kotu-adamim.mp3'>ben k\u00f6t\u00fc adam\u0131m<\/a><\/li><li><a href='https:\/\/mahmutozkoca.com\/wp-content\/uploads\/2025\/12\/benimle-hem-dem-ol.mp3'>benimle hem dem ol<\/a><\/li><li><a href='https:\/\/mahmutozkoca.com\/wp-content\/uploads\/2025\/12\/Birak-yanindayken-oleyim.mp3'>B\u0131rak yan\u0131ndayken \u00f6leyim<\/a><\/li><li><a href='https:\/\/mahmutozkoca.com\/wp-content\/uploads\/2025\/12\/curuyen-otlar.mp3'>\u00e7\u00fcr\u00fcyen otlar<\/a><\/li><li><a href='https:\/\/mahmutozkoca.com\/wp-content\/uploads\/2025\/12\/firar-ettim-senden.mp3'>firar ettim senden<\/a><\/li><li><a href='https:\/\/mahmutozkoca.com\/wp-content\/uploads\/2025\/12\/gel-son-defa-goreyim.mp3'>gel son defa g\u00f6reyim<\/a><\/li><li><a href='https:\/\/mahmutozkoca.com\/wp-content\/uploads\/2025\/12\/gelme-versiyon-2.mp3'>gelme versiyon 2<\/a><\/li><li><a href='https:\/\/mahmutozkoca.com\/wp-content\/uploads\/2025\/12\/gitmeni-sevdim.mp3'>gitmeni sevdim<\/a><\/li><li><a href='https:\/\/mahmutozkoca.com\/wp-content\/uploads\/2025\/12\/gulum-2.mp3'>g\u00fcl\u00fcm 2<\/a><\/li><li><a href='https:\/\/mahmutozkoca.com\/wp-content\/uploads\/2025\/12\/hadi-gel.mp3'>hadi gel<\/a><\/li><li><a href='https:\/\/mahmutozkoca.com\/wp-content\/uploads\/2025\/12\/hep-boyle.mp3'>hep b\u00f6yle<\/a><\/li><li><a href='https:\/\/mahmutozkoca.com\/wp-content\/uploads\/2025\/12\/Karmasiklik.mp3'>Karma\u015f\u0131kl\u0131k<\/a><\/li><li><a href='https:\/\/mahmutozkoca.com\/wp-content\/uploads\/2025\/12\/meger.mp3'>me\u011fer<\/a><\/li><li><a href='https:\/\/mahmutozkoca.com\/wp-content\/uploads\/2025\/12\/mevsimsiz-omur.mp3'>mevsimsiz \u00f6m\u00fcr<\/a><\/li><li><a href='https:\/\/mahmutozkoca.com\/wp-content\/uploads\/2025\/12\/Nedir-Yalnizlik.mp3'>Nedir Yaln\u0131zl\u0131k<\/a><\/li><li><a href='https:\/\/mahmutozkoca.com\/wp-content\/uploads\/2025\/12\/nere-gittin.mp3'>nere gittin<\/a><\/li><li><a href='https:\/\/mahmutozkoca.com\/wp-content\/uploads\/2025\/12\/ruya.mp3'>r\u00fcya<\/a><\/li><li><a href='https:\/\/mahmutozkoca.com\/wp-content\/uploads\/2025\/12\/sana-geldim.mp3'>sana geldim<\/a><\/li><li><a href='https:\/\/mahmutozkoca.com\/wp-content\/uploads\/2025\/12\/Sararan-Otlar.mp3'>Sararan Otlar<\/a><\/li>\t<\/ol>\n\t<\/noscript>\n\t<script type=\"application\/json\" class=\"wp-playlist-script\">{\"type\":\"audio\",\"tracklist\":true,\"tracknumbers\":true,\"images\":true,\"artists\":true,\"tracks\":[{\"src\":\"https:\/\/mahmutozkoca.com\/wp-content\/uploads\/2025\/12\/aski-oldur.mp3\",\"type\":\"audio\/mpeg\",\"title\":\"a\\u015fk\\u0131 \\u00f6ld\\u00fcr\",\"caption\":\"\",\"description\":\"\\\"a\\u015fk\\u0131 \\u00f6ld\\u00fcr\\\".\",\"meta\":{\"length_formatted\":\"2:56\"},\"image\":{\"src\":\"https:\/\/mahmutozkoca.com\/wp-includes\/images\/media\/audio.svg\",\"width\":48,\"height\":64},\"thumb\":{\"src\":\"https:\/\/mahmutozkoca.com\/wp-includes\/images\/media\/audio.svg\",\"width\":48,\"height\":64}},{\"src\":\"https:\/\/mahmutozkoca.com\/wp-content\/uploads\/2025\/12\/ben-daima-agliyorum.mp3\",\"type\":\"audio\/mpeg\",\"title\":\"ben daima a\\u011fl\\u0131yorum\",\"caption\":\"\",\"description\":\"\\\"ben daima a\\u011fl\\u0131yorum\\\".\",\"meta\":{\"length_formatted\":\"5:07\"},\"image\":{\"src\":\"https:\/\/mahmutozkoca.com\/wp-includes\/images\/media\/audio.svg\",\"width\":48,\"height\":64},\"thumb\":{\"src\":\"https:\/\/mahmutozkoca.com\/wp-includes\/images\/media\/audio.svg\",\"width\":48,\"height\":64}},{\"src\":\"https:\/\/mahmutozkoca.com\/wp-content\/uploads\/2025\/12\/ben-kotu-adamim.mp3\",\"type\":\"audio\/mpeg\",\"title\":\"ben k\\u00f6t\\u00fc adam\\u0131m\",\"caption\":\"\",\"description\":\"\\\"ben k\\u00f6t\\u00fc adam\\u0131m\\\".\",\"meta\":{\"length_formatted\":\"2:30\"},\"image\":{\"src\":\"https:\/\/mahmutozkoca.com\/wp-includes\/images\/media\/audio.svg\",\"width\":48,\"height\":64},\"thumb\":{\"src\":\"https:\/\/mahmutozkoca.com\/wp-includes\/images\/media\/audio.svg\",\"width\":48,\"height\":64}},{\"src\":\"https:\/\/mahmutozkoca.com\/wp-content\/uploads\/2025\/12\/benimle-hem-dem-ol.mp3\",\"type\":\"audio\/mpeg\",\"title\":\"benimle hem dem ol\",\"caption\":\"\",\"description\":\"\\\"benimle hem dem ol\\\".\",\"meta\":{\"length_formatted\":\"1:36\"},\"image\":{\"src\":\"https:\/\/mahmutozkoca.com\/wp-includes\/images\/media\/audio.svg\",\"width\":48,\"height\":64},\"thumb\":{\"src\":\"https:\/\/mahmutozkoca.com\/wp-includes\/images\/media\/audio.svg\",\"width\":48,\"height\":64}},{\"src\":\"https:\/\/mahmutozkoca.com\/wp-content\/uploads\/2025\/12\/Birak-yanindayken-oleyim.mp3\",\"type\":\"audio\/mpeg\",\"title\":\"B\\u0131rak yan\\u0131ndayken \\u00f6leyim\",\"caption\":\"\",\"description\":\"\\\"B\\u0131rak yan\\u0131ndayken \\u00f6leyim\\\".\",\"meta\":{\"length_formatted\":\"4:05\"},\"image\":{\"src\":\"https:\/\/mahmutozkoca.com\/wp-includes\/images\/media\/audio.svg\",\"width\":48,\"height\":64},\"thumb\":{\"src\":\"https:\/\/mahmutozkoca.com\/wp-includes\/images\/media\/audio.svg\",\"width\":48,\"height\":64}},{\"src\":\"https:\/\/mahmutozkoca.com\/wp-content\/uploads\/2025\/12\/curuyen-otlar.mp3\",\"type\":\"audio\/mpeg\",\"title\":\"\\u00e7\\u00fcr\\u00fcyen otlar\",\"caption\":\"\",\"description\":\"\\\"\\u00e7\\u00fcr\\u00fcyen otlar\\\".\",\"meta\":{\"length_formatted\":\"0:38\"},\"image\":{\"src\":\"https:\/\/mahmutozkoca.com\/wp-includes\/images\/media\/audio.svg\",\"width\":48,\"height\":64},\"thumb\":{\"src\":\"https:\/\/mahmutozkoca.com\/wp-includes\/images\/media\/audio.svg\",\"width\":48,\"height\":64}},{\"src\":\"https:\/\/mahmutozkoca.com\/wp-content\/uploads\/2025\/12\/firar-ettim-senden.mp3\",\"type\":\"audio\/mpeg\",\"title\":\"firar ettim senden\",\"caption\":\"\",\"description\":\"\\\"firar ettim senden\\\".\",\"meta\":{\"length_formatted\":\"2:38\"},\"image\":{\"src\":\"https:\/\/mahmutozkoca.com\/wp-includes\/images\/media\/audio.svg\",\"width\":48,\"height\":64},\"thumb\":{\"src\":\"https:\/\/mahmutozkoca.com\/wp-includes\/images\/media\/audio.svg\",\"width\":48,\"height\":64}},{\"src\":\"https:\/\/mahmutozkoca.com\/wp-content\/uploads\/2025\/12\/gel-son-defa-goreyim.mp3\",\"type\":\"audio\/mpeg\",\"title\":\"gel son defa g\\u00f6reyim\",\"caption\":\"\",\"description\":\"\\\"gel son defa g\\u00f6reyim\\\".\",\"meta\":{\"length_formatted\":\"1:43\"},\"image\":{\"src\":\"https:\/\/mahmutozkoca.com\/wp-includes\/images\/media\/audio.svg\",\"width\":48,\"height\":64},\"thumb\":{\"src\":\"https:\/\/mahmutozkoca.com\/wp-includes\/images\/media\/audio.svg\",\"width\":48,\"height\":64}},{\"src\":\"https:\/\/mahmutozkoca.com\/wp-content\/uploads\/2025\/12\/gelme-versiyon-2.mp3\",\"type\":\"audio\/mpeg\",\"title\":\"gelme versiyon 2\",\"caption\":\"\",\"description\":\"\\\"gelme versiyon 2\\\".\",\"meta\":{\"length_formatted\":\"2:49\"},\"image\":{\"src\":\"https:\/\/mahmutozkoca.com\/wp-includes\/images\/media\/audio.svg\",\"width\":48,\"height\":64},\"thumb\":{\"src\":\"https:\/\/mahmutozkoca.com\/wp-includes\/images\/media\/audio.svg\",\"width\":48,\"height\":64}},{\"src\":\"https:\/\/mahmutozkoca.com\/wp-content\/uploads\/2025\/12\/gitmeni-sevdim.mp3\",\"type\":\"audio\/mpeg\",\"title\":\"gitmeni sevdim\",\"caption\":\"\",\"description\":\"\\\"gitmeni sevdim\\\".\",\"meta\":{\"length_formatted\":\"3:20\"},\"image\":{\"src\":\"https:\/\/mahmutozkoca.com\/wp-includes\/images\/media\/audio.svg\",\"width\":48,\"height\":64},\"thumb\":{\"src\":\"https:\/\/mahmutozkoca.com\/wp-includes\/images\/media\/audio.svg\",\"width\":48,\"height\":64}},{\"src\":\"https:\/\/mahmutozkoca.com\/wp-content\/uploads\/2025\/12\/gulum-2.mp3\",\"type\":\"audio\/mpeg\",\"title\":\"g\\u00fcl\\u00fcm 2\",\"caption\":\"\",\"description\":\"\\\"g\\u00fcl\\u00fcm 2\\\".\",\"meta\":{\"length_formatted\":\"2:08\"},\"image\":{\"src\":\"https:\/\/mahmutozkoca.com\/wp-includes\/images\/media\/audio.svg\",\"width\":48,\"height\":64},\"thumb\":{\"src\":\"https:\/\/mahmutozkoca.com\/wp-includes\/images\/media\/audio.svg\",\"width\":48,\"height\":64}},{\"src\":\"https:\/\/mahmutozkoca.com\/wp-content\/uploads\/2025\/12\/hadi-gel.mp3\",\"type\":\"audio\/mpeg\",\"title\":\"hadi gel\",\"caption\":\"\",\"description\":\"\\\"hadi gel\\\".\",\"meta\":{\"length_formatted\":\"4:16\"},\"image\":{\"src\":\"https:\/\/mahmutozkoca.com\/wp-includes\/images\/media\/audio.svg\",\"width\":48,\"height\":64},\"thumb\":{\"src\":\"https:\/\/mahmutozkoca.com\/wp-includes\/images\/media\/audio.svg\",\"width\":48,\"height\":64}},{\"src\":\"https:\/\/mahmutozkoca.com\/wp-content\/uploads\/2025\/12\/hep-boyle.mp3\",\"type\":\"audio\/mpeg\",\"title\":\"hep b\\u00f6yle\",\"caption\":\"\",\"description\":\"\\\"hep b\\u00f6yle\\\".\",\"meta\":{\"length_formatted\":\"3:42\"},\"image\":{\"src\":\"https:\/\/mahmutozkoca.com\/wp-includes\/images\/media\/audio.svg\",\"width\":48,\"height\":64},\"thumb\":{\"src\":\"https:\/\/mahmutozkoca.com\/wp-includes\/images\/media\/audio.svg\",\"width\":48,\"height\":64}},{\"src\":\"https:\/\/mahmutozkoca.com\/wp-content\/uploads\/2025\/12\/Karmasiklik.mp3\",\"type\":\"audio\/mpeg\",\"title\":\"Karma\\u015f\\u0131kl\\u0131k\",\"caption\":\"\",\"description\":\"\\\"Karma\\u015f\\u0131kl\\u0131k\\\".\",\"meta\":{\"length_formatted\":\"1:58\"},\"image\":{\"src\":\"https:\/\/mahmutozkoca.com\/wp-includes\/images\/media\/audio.svg\",\"width\":48,\"height\":64},\"thumb\":{\"src\":\"https:\/\/mahmutozkoca.com\/wp-includes\/images\/media\/audio.svg\",\"width\":48,\"height\":64}},{\"src\":\"https:\/\/mahmutozkoca.com\/wp-content\/uploads\/2025\/12\/meger.mp3\",\"type\":\"audio\/mpeg\",\"title\":\"me\\u011fer\",\"caption\":\"\",\"description\":\"\\\"me\\u011fer\\\".\",\"meta\":{\"length_formatted\":\"1:55\"},\"image\":{\"src\":\"https:\/\/mahmutozkoca.com\/wp-includes\/images\/media\/audio.svg\",\"width\":48,\"height\":64},\"thumb\":{\"src\":\"https:\/\/mahmutozkoca.com\/wp-includes\/images\/media\/audio.svg\",\"width\":48,\"height\":64}},{\"src\":\"https:\/\/mahmutozkoca.com\/wp-content\/uploads\/2025\/12\/mevsimsiz-omur.mp3\",\"type\":\"audio\/mpeg\",\"title\":\"mevsimsiz \\u00f6m\\u00fcr\",\"caption\":\"\",\"description\":\"\\\"mevsimsiz \\u00f6m\\u00fcr\\\".\",\"meta\":{\"length_formatted\":\"3:15\"},\"image\":{\"src\":\"https:\/\/mahmutozkoca.com\/wp-includes\/images\/media\/audio.svg\",\"width\":48,\"height\":64},\"thumb\":{\"src\":\"https:\/\/mahmutozkoca.com\/wp-includes\/images\/media\/audio.svg\",\"width\":48,\"height\":64}},{\"src\":\"https:\/\/mahmutozkoca.com\/wp-content\/uploads\/2025\/12\/Nedir-Yalnizlik.mp3\",\"type\":\"audio\/mpeg\",\"title\":\"Nedir Yaln\\u0131zl\\u0131k\",\"caption\":\"\",\"description\":\"\\\"Nedir Yaln\\u0131zl\\u0131k\\\".\",\"meta\":{\"length_formatted\":\"2:43\"},\"image\":{\"src\":\"https:\/\/mahmutozkoca.com\/wp-includes\/images\/media\/audio.svg\",\"width\":48,\"height\":64},\"thumb\":{\"src\":\"https:\/\/mahmutozkoca.com\/wp-includes\/images\/media\/audio.svg\",\"width\":48,\"height\":64}},{\"src\":\"https:\/\/mahmutozkoca.com\/wp-content\/uploads\/2025\/12\/nere-gittin.mp3\",\"type\":\"audio\/mpeg\",\"title\":\"nere gittin\",\"caption\":\"\",\"description\":\"\\\"nere gittin\\\".\",\"meta\":{\"length_formatted\":\"1:38\"},\"image\":{\"src\":\"https:\/\/mahmutozkoca.com\/wp-includes\/images\/media\/audio.svg\",\"width\":48,\"height\":64},\"thumb\":{\"src\":\"https:\/\/mahmutozkoca.com\/wp-includes\/images\/media\/audio.svg\",\"width\":48,\"height\":64}},{\"src\":\"https:\/\/mahmutozkoca.com\/wp-content\/uploads\/2025\/12\/ruya.mp3\",\"type\":\"audio\/mpeg\",\"title\":\"r\\u00fcya\",\"caption\":\"\",\"description\":\"\\\"r\\u00fcya\\\".\",\"meta\":{\"length_formatted\":\"7:35\"},\"image\":{\"src\":\"https:\/\/mahmutozkoca.com\/wp-includes\/images\/media\/audio.svg\",\"width\":48,\"height\":64},\"thumb\":{\"src\":\"https:\/\/mahmutozkoca.com\/wp-includes\/images\/media\/audio.svg\",\"width\":48,\"height\":64}},{\"src\":\"https:\/\/mahmutozkoca.com\/wp-content\/uploads\/2025\/12\/sana-geldim.mp3\",\"type\":\"audio\/mpeg\",\"title\":\"sana geldim\",\"caption\":\"\",\"description\":\"\\\"sana geldim\\\".\",\"meta\":{\"length_formatted\":\"1:34\"},\"image\":{\"src\":\"https:\/\/mahmutozkoca.com\/wp-includes\/images\/media\/audio.svg\",\"width\":48,\"height\":64},\"thumb\":{\"src\":\"https:\/\/mahmutozkoca.com\/wp-includes\/images\/media\/audio.svg\",\"width\":48,\"height\":64}},{\"src\":\"https:\/\/mahmutozkoca.com\/wp-content\/uploads\/2025\/12\/Sararan-Otlar.mp3\",\"type\":\"audio\/mpeg\",\"title\":\"Sararan Otlar\",\"caption\":\"\",\"description\":\"\\\"Sararan Otlar\\\".\",\"meta\":{\"length_formatted\":\"6:21\"},\"image\":{\"src\":\"https:\/\/mahmutozkoca.com\/wp-includes\/images\/media\/audio.svg\",\"width\":48,\"height\":64},\"thumb\":{\"src\":\"https:\/\/mahmutozkoca.com\/wp-includes\/images\/media\/audio.svg\",\"width\":48,\"height\":64}}]}<\/script>\n<\/div>\n\t\n","protected":false},"excerpt":{"rendered":"","protected":false},"author":1,"featured_media":0,"parent":0,"menu_order":0,"comment_status":"closed","ping_status":"closed","template":"","meta":{"footnotes":""},"class_list":["post-103","page","type-page","status-publish","hentry"],"_links":{"self":[{"href":"https:\/\/mahmutozkoca.com\/index.php\/wp-json\/wp\/v2\/pages\/103","targetHints":{"allow":["GET"]}}],"collection":[{"href":"https:\/\/mahmutozkoca.com\/index.php\/wp-json\/wp\/v2\/pages"}],"about":[{"href":"https:\/\/mahmutozkoca.com\/index.php\/wp-json\/wp\/v2\/types\/page"}],"author":[{"embeddable":true,"href":"https:\/\/mahmutozkoca.com\/index.php\/wp-json\/wp\/v2\/users\/1"}],"replies":[{"embeddable":true,"href":"https:\/\/mahmutozkoca.com\/index.php\/wp-json\/wp\/v2\/comments?post=103"}],"version-history":[{"count":1,"href":"https:\/\/mahmutozkoca.com\/index.php\/wp-json\/wp\/v2\/pages\/103\/revisions"}],"predecessor-version":[{"id":125,"href":"https:\/\/mahmutozkoca.com\/index.php\/wp-json\/wp\/v2\/pages\/103\/revisions\/125"}],"wp:attachment":[{"href":"https:\/\/mahmutozkoca.com\/index.php\/wp-json\/wp\/v2\/media?parent=103"}],"curies":[{"name":"wp","href":"https:\/\/api.w.org\/{rel}","templated":true}]}}